{"id":58,"date":"2018-02-18T14:07:27","date_gmt":"2018-02-18T13:07:27","guid":{"rendered":"http:\/\/www.hanna-dunkel.de\/blog\/?page_id=58"},"modified":"2018-02-18T15:47:07","modified_gmt":"2018-02-18T14:47:07","slug":"der-traumverkaeufer","status":"publish","type":"page","link":"https:\/\/www.hanna-dunkel.de\/blog\/?page_id=58","title":{"rendered":"Der Traumverk\u00e4ufer"},"content":{"rendered":"<p>&#8222;Leute, kauft Tr\u00e4ume!&#8220;, rief der Verk\u00e4ufer auf dem Weihnachtsmarkt und wickelte sie in bunte Seident\u00fccher. Ich trat n\u00e4her. &#8222;Die einfachen Tr\u00e4ume kosten drei Euro, f\u00fcr die langen sch\u00f6nen Tr\u00e4ume muss man nat\u00fcrlich mehr ausgeben&#8220;, sagte er. Ich kaufte mir einen Traum, der duftete nach Schokolade und Pfefferminz. Das gr\u00fcnwei\u00dfe Seidentuch legte ich unters Kopfkissen und mich erwartungsvoll ins Bett. W\u00fcrde ich von Z\u00e4rtlichkeit und Pfefferminzk\u00fcssen tr\u00e4umen? Ich schloss die Augen. Wie sollte er sein, der sch\u00f6ne Traum? Ganz selten hatte ich einen, der mich noch am Tag vergn\u00fcgt gemacht hatte. Einmal im Jahr war das vielleicht vorgekommen. Die normalen Tr\u00e4ume waren beim Aufwachen verblasst, ohne dass ich mich an sie erinnerte. Wie w\u00fcrde der gekaufte Traum sein? Ich konnte vor lauter \u00dcberlegungen und Erwartung nicht einschlafen. Doch dann wachte ich morgens auf, und da wollte sich der Traum gerade davonschleichen. Ich erwischte ihn aber am Hemdzipfel. Und da hatte ich ihn, den Verk\u00e4ufer mit der guten Gesch\u00e4ftsidee.<\/p>\n","protected":false},"excerpt":{"rendered":"<p>&#8222;Leute, kauft Tr\u00e4ume!&#8220;, rief der Verk\u00e4ufer auf dem Weihnachtsmarkt und wickelte sie in bunte Seident\u00fccher. Ich trat n\u00e4her. &#8222;Die einfachen &hellip;<\/p>\n","protected":false},"author":2,"featured_media":0,"parent":30,"menu_order":7,"comment_status":"closed","ping_status":"closed","template":"","meta":{"footnotes":""},"class_list":["post-58","page","type-page","status-publish","hentry"],"_links":{"self":[{"href":"https:\/\/www.hanna-dunkel.de\/blog\/index.php?rest_route=\/wp\/v2\/pages\/58","targetHints":{"allow":["GET"]}}],"collection":[{"href":"https:\/\/www.hanna-dunkel.de\/blog\/index.php?rest_route=\/wp\/v2\/pages"}],"about":[{"href":"https:\/\/www.hanna-dunkel.de\/blog\/index.php?rest_route=\/wp\/v2\/types\/page"}],"author":[{"embeddable":true,"href":"https:\/\/www.hanna-dunkel.de\/blog\/index.php?rest_route=\/wp\/v2\/users\/2"}],"replies":[{"embeddable":true,"href":"https:\/\/www.hanna-dunkel.de\/blog\/index.php?rest_route=%2Fwp%2Fv2%2Fcomments&post=58"}],"version-history":[{"count":2,"href":"https:\/\/www.hanna-dunkel.de\/blog\/index.php?rest_route=\/wp\/v2\/pages\/58\/revisions"}],"predecessor-version":[{"id":151,"href":"https:\/\/www.hanna-dunkel.de\/blog\/index.php?rest_route=\/wp\/v2\/pages\/58\/revisions\/151"}],"up":[{"embeddable":true,"href":"https:\/\/www.hanna-dunkel.de\/blog\/index.php?rest_route=\/wp\/v2\/pages\/30"}],"wp:attachment":[{"href":"https:\/\/www.hanna-dunkel.de\/blog\/index.php?rest_route=%2Fwp%2Fv2%2Fmedia&parent=58"}],"curies":[{"name":"wp","href":"https:\/\/api.w.org\/{rel}","templated":true}]}}