{"id":33,"date":"2018-02-18T13:52:21","date_gmt":"2018-02-18T12:52:21","guid":{"rendered":"http:\/\/www.hanna-dunkel.de\/blog\/?page_id=33"},"modified":"2025-02-16T09:56:13","modified_gmt":"2025-02-16T08:56:13","slug":"sommervogel","status":"publish","type":"page","link":"https:\/\/www.hanna-dunkel.de\/blog\/?page_id=33","title":{"rendered":"Sommervogel"},"content":{"rendered":"<p><img loading=\"lazy\" decoding=\"async\" class=\"alignleft size-full wp-image-23\" src=\"https:\/\/www.hanna-dunkel.de\/blog\/wp-content\/uploads\/2018\/02\/Sommervogel.jpg\" alt=\"Sommervogel\" width=\"141\" height=\"211\" \/>New York, Januar 1912.<\/p>\n<p>Nikoline Brinkmann ist in Italian Harlem als Schneiderin Niky Satori erfolgreich. Als Antonio Mancino sie heiraten will, lehnt sie seinen Antrag ab. Antonio verlangt eine Erkl\u00e4rung und setzt ihr eine Frist bis zur R\u00fcckkehr von seiner Europareise.<\/p>\n<p>Nikoline ist verzweifelt. Wird Antonio sie noch lieben, wenn er erf\u00e4hrt, dass sie 1892 in Altona zum Tode verurteilt wurde? W\u00e4hrend eines Schneesturms bricht vor ihrem Laden eine schwangere junge Frau zusammen und Nikoline nimmt sie auf. Valborg dr\u00e4ngt sie, ihre Geschichte aufzuschreiben. Wird Nikoline den Mut finden, Antonio das Geschriebene zu zeigen?<\/p>\n<p>Orte der Handlung: Rellingen, Pinneberg, Prisdorf, Kummerfeld, Altona, Wandsbek, Hamburg, Lingen, Delitzsch und New York.<\/p>\n<p>Roman nach den Acten des K\u00f6niglichen Landgerichts zu Altona, die im Landesarchiv Schleswig aufbewahrt werden.<\/p>\n<p><a href=\"http:\/\/www.hanna-dunkel.de\/blog\/?page_id=81\">Leseprobe<\/a><\/p>\n<p>Buch bestellen<\/p>\n<p>Hanna Dunkel<br \/>\nSommervogel<br \/>\nHistorischer Roman<br \/>\nISBN 978-3-86412-204-0<br \/>\n244 Seiten; 10 Euro<br \/>\nVerlag: Leda Verlag<br \/>\nErscheinungsdatum: 1. Juni 2017<\/p>\n<p>als E-Book auch erh\u00e4ltlich: ISBN 978-3-86412-371-9<\/p>\n<p><strong>Rezensionen<\/strong><br \/>\nDies ist ein bewegender Roman \u00fcber das zun\u00e4chst eher triste Leben einer jungen Frau, das sich wider alle Erwartungen zum Besseren wendet. Es ist ein historischer Roman im besten Sinn des Wortes: die Autorin arbeitet sehr elegant mit Archivmaterial, ohne ihre Leserschaft zu \u00fcberfordern. Wir erfahren eine Menge \u00fcber das Hamburg der wilhelminischen Zeit und seine Umgebung. Das Erstaunlichste aber: unaufdringlich revidiert die Autorin unser Bild von dieser Epoche, die wir als autorit\u00e4r, militaristisch und gnadenlos im Kopf haben. Anhand der Aktenlage zeigt sich hier bereits ein Aufbruch im Denken. Geistliche, Juristen, eine Gastwirtin und die eigenen Verwandten nehmen sich mit viel Verst\u00e4ndnis der verurteilten Nikoline an. Sie investieren Zeit, Geld und Engagement und lassen sich einiges einfallen, um der &#8222;Kindsm\u00f6rderin&#8220; einen Neuanfang zu erm\u00f6glichen- von der Raupe zum Schmetterling, zum Sommervogel. Die Schaupl\u00e4tze sind die l\u00e4ndliche Gegend um Hamburg und New York.<\/p>\n<p>Ein Buch, das atemlos durchliest, ohne eine einzige Seite zu \u00fcberbl\u00e4ttern. W\u00e4ren doch alle &#8222;historischen Romane&#8220; von diesem Kaliber!<\/p>\n<p>Maria Regina Kaiser<\/p>\n<p>&nbsp;<\/p>\n<p>Man legt es nicht mehr aus der Hand, weil man wissen will, wie es weiter geht.<\/p>\n<p>Ein gut recherchierter historischer Roman. Beeindruckend, wie umfassend sich die Autorin informiert hat, z.B. \u00fcber geographische Details, Hamburgs Baugeschichte, das Thema der Auswanderung, den Ablauf von Gerichts- und Strafverfahren, den Methoden zur Teppich- und Farbherstellung und nicht zuletzt \u00fcber die damalige Mode.<\/p>\n<p>Menschen und Situationen sind lebendig beschrieben und so mancher philosophischer Gedanke klingt eine Weile im Leser nach.<\/p>\n<p>Von zweiaufachse am 1.8. 2017<\/p>\n","protected":false},"excerpt":{"rendered":"<p>New York, Januar 1912. Nikoline Brinkmann ist in Italian Harlem als Schneiderin Niky Satori erfolgreich. Als Antonio Mancino sie heiraten &hellip;<\/p>\n","protected":false},"author":2,"featured_media":0,"parent":30,"menu_order":2,"comment_status":"closed","ping_status":"closed","template":"","meta":{"footnotes":""},"class_list":["post-33","page","type-page","status-publish","hentry"],"_links":{"self":[{"href":"https:\/\/www.hanna-dunkel.de\/blog\/index.php?rest_route=\/wp\/v2\/pages\/33","targetHints":{"allow":["GET"]}}],"collection":[{"href":"https:\/\/www.hanna-dunkel.de\/blog\/index.php?rest_route=\/wp\/v2\/pages"}],"about":[{"href":"https:\/\/www.hanna-dunkel.de\/blog\/index.php?rest_route=\/wp\/v2\/types\/page"}],"author":[{"embeddable":true,"href":"https:\/\/www.hanna-dunkel.de\/blog\/index.php?rest_route=\/wp\/v2\/users\/2"}],"replies":[{"embeddable":true,"href":"https:\/\/www.hanna-dunkel.de\/blog\/index.php?rest_route=%2Fwp%2Fv2%2Fcomments&post=33"}],"version-history":[{"count":14,"href":"https:\/\/www.hanna-dunkel.de\/blog\/index.php?rest_route=\/wp\/v2\/pages\/33\/revisions"}],"predecessor-version":[{"id":409,"href":"https:\/\/www.hanna-dunkel.de\/blog\/index.php?rest_route=\/wp\/v2\/pages\/33\/revisions\/409"}],"up":[{"embeddable":true,"href":"https:\/\/www.hanna-dunkel.de\/blog\/index.php?rest_route=\/wp\/v2\/pages\/30"}],"wp:attachment":[{"href":"https:\/\/www.hanna-dunkel.de\/blog\/index.php?rest_route=%2Fwp%2Fv2%2Fmedia&parent=33"}],"curies":[{"name":"wp","href":"https:\/\/api.w.org\/{rel}","templated":true}]}}