{"id":30,"date":"2018-02-18T13:50:47","date_gmt":"2018-02-18T12:50:47","guid":{"rendered":"http:\/\/www.hanna-dunkel.de\/blog\/?page_id=30"},"modified":"2025-02-16T09:54:27","modified_gmt":"2025-02-16T08:54:27","slug":"leseproben","status":"publish","type":"page","link":"https:\/\/www.hanna-dunkel.de\/blog\/?page_id=30","title":{"rendered":"Leseproben"},"content":{"rendered":"<p style=\"text-align: right;\"><i>Auf der Wiese sitzt ein Riese<br \/>\nauf dem Berg da sitzt ein Zwerg<br \/>\ns\u00e4\u00df der Riese auf dem Berg<br \/>\nblieb kein Platz mehr f\u00fcr den Zwerg<\/i><\/p>\n<p><img loading=\"lazy\" decoding=\"async\" class=\"alignright size-full wp-image-25\" src=\"https:\/\/www.hanna-dunkel.de\/blog\/wp-content\/uploads\/2018\/02\/grafik-werbinich.gif\" alt=\"\" width=\"232\" height=\"300\" \/>Meine Werke:<\/p>\n<ul>\n<li><a href=\"https:\/\/www.hanna-dunkel.de\/blog\/?page_id=5851\">Dodo<\/a><\/li>\n<li><a href=\"http:\/\/www.hanna-dunkel.de\/blog\/?page_id=33\">Sommervogel<\/a><\/li>\n<li><a href=\"http:\/\/www.hanna-dunkel.de\/blog\/?page_id=36\">Mordsache Ulsnis<\/a><\/li>\n<li><a href=\"http:\/\/www.hanna-dunkel.de\/blog\/?page_id=47\">Waldwichtel Vladimir<\/a><\/li>\n<li class=\"normal\"><a href=\"http:\/\/www.hanna-dunkel.de\/blog\/?page_id=52\">Von der K\u00f6nigin, die behaglich Tee zu trinken w\u00fcnschte<\/a><\/li>\n<li class=\"normal\"><a href=\"http:\/\/www.hanna-dunkel.de\/blog\/?page_id=54\">Der Eisprinz<\/a><\/li>\n<li class=\"normal\"><a href=\"http:\/\/www.hanna-dunkel.de\/blog\/?page_id=56\">Die Prinzessin mit den gro\u00dfen F\u00fc\u00dfen<\/a><\/li>\n<li class=\"normal\"><a href=\"http:\/\/www.hanna-dunkel.de\/blog\/?page_id=58\">Der Traumverk\u00e4ufer<\/a><\/li>\n<\/ul>\n","protected":false},"excerpt":{"rendered":"<p>Auf der Wiese sitzt ein Riese auf dem Berg da sitzt ein Zwerg s\u00e4\u00df der Riese auf dem Berg blieb &hellip;<\/p>\n","protected":false},"author":2,"featured_media":0,"parent":0,"menu_order":2,"comment_status":"closed","ping_status":"closed","template":"","meta":{"footnotes":""},"class_list":["post-30","page","type-page","status-publish","hentry"],"_links":{"self":[{"href":"https:\/\/www.hanna-dunkel.de\/blog\/index.php?rest_route=\/wp\/v2\/pages\/30","targetHints":{"allow":["GET"]}}],"collection":[{"href":"https:\/\/www.hanna-dunkel.de\/blog\/index.php?rest_route=\/wp\/v2\/pages"}],"about":[{"href":"https:\/\/www.hanna-dunkel.de\/blog\/index.php?rest_route=\/wp\/v2\/types\/page"}],"author":[{"embeddable":true,"href":"https:\/\/www.hanna-dunkel.de\/blog\/index.php?rest_route=\/wp\/v2\/users\/2"}],"replies":[{"embeddable":true,"href":"https:\/\/www.hanna-dunkel.de\/blog\/index.php?rest_route=%2Fwp%2Fv2%2Fcomments&post=30"}],"version-history":[{"count":6,"href":"https:\/\/www.hanna-dunkel.de\/blog\/index.php?rest_route=\/wp\/v2\/pages\/30\/revisions"}],"predecessor-version":[{"id":5860,"href":"https:\/\/www.hanna-dunkel.de\/blog\/index.php?rest_route=\/wp\/v2\/pages\/30\/revisions\/5860"}],"wp:attachment":[{"href":"https:\/\/www.hanna-dunkel.de\/blog\/index.php?rest_route=%2Fwp%2Fv2%2Fmedia&parent=30"}],"curies":[{"name":"wp","href":"https:\/\/api.w.org\/{rel}","templated":true}]}}